{"id":390,"date":"2022-10-19T13:30:27","date_gmt":"2022-10-19T13:30:27","guid":{"rendered":"https:\/\/demo.athemes.com\/botiga-beauty-el\/?page_id=14"},"modified":"2026-03-05T10:23:08","modified_gmt":"2026-03-05T09:23:08","slug":"home","status":"publish","type":"page","link":"https:\/\/004school.bbsw-worms.de\/","title":{"rendered":"Home"},"content":{"rendered":"\t\t<div data-elementor-type=\"wp-page\" data-elementor-id=\"390\" class=\"elementor elementor-390\">\n\t\t\t\t\t\t<section class=\"elementor-section elementor-top-section elementor-element elementor-element-a53f34a elementor-section-full_width elementor-section-height-default elementor-section-height-default\" data-id=\"a53f34a\" data-element_type=\"section\" data-e-type=\"section\" data-settings=\"{&quot;background_background&quot;:&quot;classic&quot;}\">\n\t\t\t\t\t\t<div class=\"elementor-container elementor-column-gap-default\">\n\t\t\t\t\t<div class=\"elementor-column elementor-col-100 elementor-top-column elementor-element elementor-element-56314a8\" data-id=\"56314a8\" data-element_type=\"column\" data-e-type=\"column\">\n\t\t\t<div class=\"elementor-widget-wrap elementor-element-populated\">\n\t\t\t\t\t\t<section class=\"elementor-section elementor-inner-section elementor-element elementor-element-f0fbbd4 elementor-section-boxed elementor-section-height-default elementor-section-height-default\" data-id=\"f0fbbd4\" data-element_type=\"section\" data-e-type=\"section\">\n\t\t\t\t\t\t<div class=\"elementor-container elementor-column-gap-default\">\n\t\t\t\t\t<div class=\"elementor-column elementor-col-50 elementor-inner-column elementor-element elementor-element-77f1ba6\" data-id=\"77f1ba6\" data-element_type=\"column\" data-e-type=\"column\">\n\t\t\t<div class=\"elementor-widget-wrap elementor-element-populated\">\n\t\t\t\t\t\t<div class=\"elementor-element elementor-element-dbae005 elementor-invisible elementor-widget elementor-widget-heading\" data-id=\"dbae005\" data-element_type=\"widget\" data-e-type=\"widget\" data-settings=\"{&quot;_animation&quot;:&quot;fadeInUpShorter&quot;,&quot;_animation_delay&quot;:200}\" data-widget_type=\"heading.default\">\n\t\t\t\t\t<h1 class=\"elementor-heading-title elementor-size-default\">With us, everything is possible<\/h1>\t\t\t\t<\/div>\n\t\t\t\t<div class=\"elementor-element elementor-element-87aedb5 elementor-invisible elementor-widget elementor-widget-button\" data-id=\"87aedb5\" data-element_type=\"widget\" data-e-type=\"widget\" data-settings=\"{&quot;_animation&quot;:&quot;fadeInUpShorter&quot;,&quot;_animation_delay&quot;:400}\" data-widget_type=\"button.default\">\n\t\t\t\t\t\t\t\t\t\t<a class=\"elementor-button elementor-button-link elementor-size-sm\" href=\"https:\/\/demo.athemes.com\/botiga-beauty-el\/shop\/\">\n\t\t\t\t\t\t<span class=\"elementor-button-content-wrapper\">\n\t\t\t\t\t\t\t\t\t<span class=\"elementor-button-text\">SHOP NOW<\/span>\n\t\t\t\t\t<\/span>\n\t\t\t\t\t<\/a>\n\t\t\t\t\t\t\t\t<\/div>\n\t\t\t\t\t<\/div>\n\t\t<\/div>\n\t\t\t\t<div class=\"elementor-column elementor-col-50 elementor-inner-column elementor-element elementor-element-ffe626f\" data-id=\"ffe626f\" data-element_type=\"column\" data-e-type=\"column\">\n\t\t\t<div class=\"elementor-widget-wrap\">\n\t\t\t\t\t\t\t<\/div>\n\t\t<\/div>\n\t\t\t\t\t<\/div>\n\t\t<\/section>\n\t\t\t\t\t<\/div>\n\t\t<\/div>\n\t\t\t\t\t<\/div>\n\t\t<\/section>\n\t\t\t\t<section class=\"elementor-section elementor-top-section elementor-element elementor-element-cc4ba2a elementor-section-boxed elementor-section-height-default elementor-section-height-default\" data-id=\"cc4ba2a\" data-element_type=\"section\" data-e-type=\"section\">\n\t\t\t\t\t\t<div class=\"elementor-container elementor-column-gap-default\">\n\t\t\t\t\t<div class=\"elementor-column elementor-col-100 elementor-top-column elementor-element elementor-element-e654a9e\" data-id=\"e654a9e\" data-element_type=\"column\" data-e-type=\"column\">\n\t\t\t<div class=\"elementor-widget-wrap elementor-element-populated\">\n\t\t\t\t\t\t<div class=\"elementor-element elementor-element-cfaddff elementor-invisible elementor-widget elementor-widget-heading\" data-id=\"cfaddff\" data-element_type=\"widget\" data-e-type=\"widget\" data-settings=\"{&quot;_animation&quot;:&quot;fadeInUpShorter&quot;,&quot;_animation_delay&quot;:200}\" data-widget_type=\"heading.default\">\n\t\t\t\t\t<h2 class=\"elementor-heading-title elementor-size-default\">Featured Collection<\/h2>\t\t\t\t<\/div>\n\t\t\t\t<div class=\"elementor-element elementor-element-befef59 elementor-invisible elementor-widget elementor-widget-text-editor\" data-id=\"befef59\" data-element_type=\"widget\" data-e-type=\"widget\" data-settings=\"{&quot;_animation&quot;:&quot;fadeInUpShorter&quot;,&quot;_animation_delay&quot;:400}\" data-widget_type=\"text-editor.default\">\n\t\t\t\t\t\t\t\t\t<p>A powerful headline about your product\u2019s features to give focus to your chosen product collection<\/p>\t\t\t\t\t\t\t\t<\/div>\n\t\t\t\t<div class=\"elementor-element elementor-element-908745f elementor-invisible elementor-widget elementor-widget-shortcode\" data-id=\"908745f\" data-element_type=\"widget\" data-e-type=\"widget\" data-settings=\"{&quot;_animation&quot;:&quot;fadeInUpShorter&quot;,&quot;_animation_delay&quot;:600}\" data-widget_type=\"shortcode.default\">\n\t\t\t\t\t\t\t<div class=\"elementor-shortcode\"><div class=\"woocommerce columns-3 \"><ul class=\"products columns-3\">\n<li class=\"product type-product post-411 status-publish first instock product_cat-fussballartikel has-post-thumbnail sale shipping-taxable purchasable product-type-simple\">\r\n\t<div class=\"product-image\">\n\t<span class=\"onsale\">Angebot!<\/span>\n\t<a href=\"https:\/\/004school.bbsw-worms.de\/?product=deep-sweep-2-bha-pore-cleaning-toner-with-moringa\" class=\"woocommerce-LoopProduct-link woocommerce-loop-product__link\">\n\t<span class=\"onsale\">Angebot!<\/span>\n\t<figure class=\"hover_hide\"><img decoding=\"async\" width=\"184\" height=\"243\" src=\"https:\/\/004school.bbsw-worms.de\/wp-content\/uploads\/2021\/07\/shopping-1.webp\" class=\"attachment-woocommerce_thumbnail size-woocommerce_thumbnail\" alt=\"Adidas Sport Football Extra Wei\u00df Herren\" \/><img decoding=\"async\" width=\"184\" height=\"243\" src=\"https:\/\/004school.bbsw-worms.de\/wp-content\/uploads\/2021\/07\/shopping-1.webp\" class=\"woo-entry-image-secondary\" alt=\"Adidas Sport Football Extra Wei\u00df Herren\" srcset=\"https:\/\/004school.bbsw-worms.de\/wp-content\/uploads\/2021\/07\/shopping-1.webp 184w, https:\/\/004school.bbsw-worms.de\/wp-content\/uploads\/2021\/07\/shopping-1-76x100.webp 76w\" sizes=\"(max-width: 184px) 100vw, 184px\" \/><\/figure><\/a>\t<ul class=\"product-action-link\">\r\n\t  <li> <a class=\"link-compare compare-loop comp-prg\" href=\"https:\/\/004school.bbsw-worms.de\/?product=deep-sweep-2-bha-pore-cleaning-toner-with-moringa\"><i class=\"bi bi-send\"><\/i><\/li>\r\n\t<\/ul>\r\n\r\n\t<\/div><div class=\"product_wrap\"><div class=\"cat-name\"><span class=\"posted_in\"><a href=\"https:\/\/004school.bbsw-worms.de\/?product_cat=fussballartikel\" rel=\"tag\">Fu\u00dfballartikel<\/a><\/span><\/div><h5 class=\"woocommerce-loop-product__title\">Adidas Sport Football Extra Wei\u00df Herren<\/h5>\n\t<span class=\"price\"><del aria-hidden=\"true\"><span class=\"woocommerce-Price-amount amount\"><bdi>80,00&nbsp;<span class=\"woocommerce-Price-currencySymbol\">&euro;<\/span><\/bdi><\/span><\/del> <span class=\"screen-reader-text\">Urspr\u00fcnglicher Preis war: 80,00&nbsp;&euro;<\/span><ins aria-hidden=\"true\"><span class=\"woocommerce-Price-amount amount\"><bdi>64,99&nbsp;<span class=\"woocommerce-Price-currencySymbol\">&euro;<\/span><\/bdi><\/span><\/ins><span class=\"screen-reader-text\">Aktueller Preis ist: 64,99&nbsp;&euro;.<\/span><\/span>\n<div class=\"button-wrap\"><a href=\"\/index.php?rest_route=%2Fwp%2Fv2%2Fpages%2F390&#038;add-to-cart=411\" data-quantity=\"1\" class=\"button product_type_simple add_to_cart_button ajax_add_to_cart theme-btn\" data-product_id=\"411\" data-product_sku=\"\" aria-label=\"In den Warenkorb legen: \u201eAdidas Sport Football Extra Wei\u00df Herren\u201c\" rel=\"nofollow\" data-success_message=\"\u201eAdidas Sport Football Extra Wei\u00df Herren\u201c wurde deinem Warenkorb hinzugef\u00fcgt\" role=\"button\"><span>In den Warenkorb<\/span><\/a><\/div><\/div><\/li>\r\n<li class=\"product type-product post-407 status-publish instock product_cat-badminton has-post-thumbnail shipping-taxable purchasable product-type-simple\">\r\n\t<div class=\"product-image\"><a href=\"https:\/\/004school.bbsw-worms.de\/?product=facial-treatment-essence-pitera-essence\" class=\"woocommerce-LoopProduct-link woocommerce-loop-product__link\"><figure><img fetchpriority=\"high\" decoding=\"async\" width=\"251\" height=\"233\" src=\"https:\/\/004school.bbsw-worms.de\/wp-content\/uploads\/2021\/07\/shopping-2-1.webp\" class=\"attachment-woocommerce_thumbnail size-woocommerce_thumbnail\" alt=\"Badminton Set mit Netz Outdoor Fun Prestige Extra\" \/><\/figure><\/a>\t<ul class=\"product-action-link\">\r\n\t  <li> <a class=\"link-compare compare-loop comp-prg\" href=\"https:\/\/004school.bbsw-worms.de\/?product=facial-treatment-essence-pitera-essence\"><i class=\"bi bi-send\"><\/i><\/li>\r\n\t<\/ul>\r\n\r\n\t<\/div><div class=\"product_wrap\"><div class=\"cat-name\"><span class=\"posted_in\"><a href=\"https:\/\/004school.bbsw-worms.de\/?product_cat=badminton\" rel=\"tag\">Badminton<\/a><\/span><\/div><h5 class=\"woocommerce-loop-product__title\">Badminton Set mit Netz Outdoor Fun Prestige Extra<\/h5>\n\t<span class=\"price\"><span class=\"woocommerce-Price-amount amount\"><bdi>120,00&nbsp;<span class=\"woocommerce-Price-currencySymbol\">&euro;<\/span><\/bdi><\/span><\/span>\n<div class=\"button-wrap\"><a href=\"\/index.php?rest_route=%2Fwp%2Fv2%2Fpages%2F390&#038;add-to-cart=407\" data-quantity=\"1\" class=\"button product_type_simple add_to_cart_button ajax_add_to_cart theme-btn\" data-product_id=\"407\" data-product_sku=\"\" aria-label=\"In den Warenkorb legen: \u201eBadminton Set mit Netz Outdoor Fun Prestige Extra\u201c\" rel=\"nofollow\" data-success_message=\"\u201eBadminton Set mit Netz Outdoor Fun Prestige Extra\u201c wurde deinem Warenkorb hinzugef\u00fcgt\" role=\"button\"><span>In den Warenkorb<\/span><\/a><\/div><\/div><\/li>\r\n<li class=\"product type-product post-408 status-publish last instock product_cat-badminton has-post-thumbnail shipping-taxable purchasable product-type-simple\">\r\n\t<div class=\"product-image\"><a href=\"https:\/\/004school.bbsw-worms.de\/?product=mini-radiant-creamy-concealer-and-blush-customizable-set\" class=\"woocommerce-LoopProduct-link woocommerce-loop-product__link\"><figure><img loading=\"lazy\" decoding=\"async\" width=\"233\" height=\"238\" src=\"https:\/\/004school.bbsw-worms.de\/wp-content\/uploads\/2021\/07\/shopping-1-1.webp\" class=\"attachment-woocommerce_thumbnail size-woocommerce_thumbnail\" alt=\"Badminton-Set Leichtgewicht Schl\u00e4ger H\u00fclle und Federb\u00e4lle\" \/><\/figure><\/a>\t<ul class=\"product-action-link\">\r\n\t  <li> <a class=\"link-compare compare-loop comp-prg\" href=\"https:\/\/004school.bbsw-worms.de\/?product=mini-radiant-creamy-concealer-and-blush-customizable-set\"><i class=\"bi bi-send\"><\/i><\/li>\r\n\t<\/ul>\r\n\r\n\t<\/div><div class=\"product_wrap\"><div class=\"cat-name\"><span class=\"posted_in\"><a href=\"https:\/\/004school.bbsw-worms.de\/?product_cat=badminton\" rel=\"tag\">Badminton<\/a><\/span><\/div><h5 class=\"woocommerce-loop-product__title\">Badminton-Set Leichtgewicht Schl\u00e4ger H\u00fclle und Federb\u00e4lle<\/h5>\n\t<span class=\"price\"><span class=\"woocommerce-Price-amount amount\"><bdi>54,99&nbsp;<span class=\"woocommerce-Price-currencySymbol\">&euro;<\/span><\/bdi><\/span><\/span>\n<div class=\"button-wrap\"><a href=\"\/index.php?rest_route=%2Fwp%2Fv2%2Fpages%2F390&#038;add-to-cart=408\" data-quantity=\"1\" class=\"button product_type_simple add_to_cart_button ajax_add_to_cart theme-btn\" data-product_id=\"408\" data-product_sku=\"\" aria-label=\"In den Warenkorb legen: \u201eBadminton-Set Leichtgewicht Schl\u00e4ger H\u00fclle und Federb\u00e4lle\u201c\" rel=\"nofollow\" data-success_message=\"\u201eBadminton-Set Leichtgewicht Schl\u00e4ger H\u00fclle und Federb\u00e4lle\u201c wurde deinem Warenkorb hinzugef\u00fcgt\" role=\"button\"><span>In den Warenkorb<\/span><\/a><\/div><\/div><\/li>\r\n<\/ul>\n<div class=\"clearfix\"><\/div><\/div><\/div>\n\t\t\t\t\t\t<\/div>\n\t\t\t\t\t<\/div>\n\t\t<\/div>\n\t\t\t\t\t<\/div>\n\t\t<\/section>\n\t\t\t\t<section class=\"elementor-section elementor-top-section elementor-element elementor-element-5291af9 elementor-section-full_width elementor-section-height-default elementor-section-height-default\" data-id=\"5291af9\" data-element_type=\"section\" data-e-type=\"section\" data-settings=\"{&quot;background_background&quot;:&quot;classic&quot;}\">\n\t\t\t\t\t\t<div class=\"elementor-container elementor-column-gap-default\">\n\t\t\t\t\t<div class=\"elementor-column elementor-col-100 elementor-top-column elementor-element elementor-element-0eb56ce\" data-id=\"0eb56ce\" data-element_type=\"column\" data-e-type=\"column\">\n\t\t\t<div class=\"elementor-widget-wrap elementor-element-populated\">\n\t\t\t\t\t\t<section class=\"elementor-section elementor-inner-section elementor-element elementor-element-9b2fd73 elementor-section-boxed elementor-section-height-default elementor-section-height-default\" data-id=\"9b2fd73\" data-element_type=\"section\" data-e-type=\"section\">\n\t\t\t\t\t\t<div class=\"elementor-container elementor-column-gap-default\">\n\t\t\t\t\t<div class=\"elementor-column elementor-col-100 elementor-inner-column elementor-element elementor-element-8a88a77\" data-id=\"8a88a77\" data-element_type=\"column\" data-e-type=\"column\">\n\t\t\t<div class=\"elementor-widget-wrap elementor-element-populated\">\n\t\t\t\t\t\t<div class=\"elementor-element elementor-element-c8a29d4 elementor-invisible elementor-widget elementor-widget-heading\" data-id=\"c8a29d4\" data-element_type=\"widget\" data-e-type=\"widget\" data-settings=\"{&quot;_animation&quot;:&quot;fadeInUpShorter&quot;,&quot;_animation_delay&quot;:200}\" data-widget_type=\"heading.default\">\n\t\t\t\t\t<h2 class=\"elementor-heading-title elementor-size-default\">WHY US<\/h2>\t\t\t\t<\/div>\n\t\t\t\t<div class=\"elementor-element elementor-element-d80abce elementor-invisible elementor-widget elementor-widget-text-editor\" data-id=\"d80abce\" data-element_type=\"widget\" data-e-type=\"widget\" data-settings=\"{&quot;_animation&quot;:&quot;fadeInUpShorter&quot;,&quot;_animation_delay&quot;:400}\" data-widget_type=\"text-editor.default\">\n\t\t\t\t\t\t\t\t\t<p><span style=\"font-family: Inter, sans-serif; color: #000000; font-size: 36pt;\">WE are making YOU different<\/span><\/p>\t\t\t\t\t\t\t\t<\/div>\n\t\t\t\t<div class=\"elementor-element elementor-element-39ef610 elementor-align-center elementor-invisible elementor-widget elementor-widget-button\" data-id=\"39ef610\" data-element_type=\"widget\" data-e-type=\"widget\" data-settings=\"{&quot;_animation&quot;:&quot;fadeInUpShorter&quot;,&quot;_animation_delay&quot;:600}\" data-widget_type=\"button.default\">\n\t\t\t\t\t\t\t\t\t\t<a class=\"elementor-button elementor-button-link elementor-size-sm\" href=\"https:\/\/demo.athemes.com\/botiga-beauty-el\/shop\/\">\n\t\t\t\t\t\t<span class=\"elementor-button-content-wrapper\">\n\t\t\t\t\t\t\t\t\t<span class=\"elementor-button-text\">SHOP NOW<\/span>\n\t\t\t\t\t<\/span>\n\t\t\t\t\t<\/a>\n\t\t\t\t\t\t\t\t<\/div>\n\t\t\t\t\t<\/div>\n\t\t<\/div>\n\t\t\t\t\t<\/div>\n\t\t<\/section>\n\t\t\t\t\t<\/div>\n\t\t<\/div>\n\t\t\t\t\t<\/div>\n\t\t<\/section>\n\t\t\t\t<\/div>\n\t\t","protected":false},"excerpt":{"rendered":"<p>With us, everything is possible SHOP NOW Featured Collection A powerful headline about your product\u2019s features to give focus to your chosen product collection WHY US WE are making YOU different SHOP NOW<\/p>\n","protected":false},"author":2,"featured_media":0,"parent":0,"menu_order":0,"comment_status":"closed","ping_status":"closed","template":"elementor_header_footer","meta":{"footnotes":""},"class_list":["post-390","page","type-page","status-publish","hentry"],"_links":{"self":[{"href":"https:\/\/004school.bbsw-worms.de\/index.php?rest_route=\/wp\/v2\/pages\/390","targetHints":{"allow":["GET"]}}],"collection":[{"href":"https:\/\/004school.bbsw-worms.de\/index.php?rest_route=\/wp\/v2\/pages"}],"about":[{"href":"https:\/\/004school.bbsw-worms.de\/index.php?rest_route=\/wp\/v2\/types\/page"}],"author":[{"embeddable":true,"href":"https:\/\/004school.bbsw-worms.de\/index.php?rest_route=\/wp\/v2\/users\/2"}],"replies":[{"embeddable":true,"href":"https:\/\/004school.bbsw-worms.de\/index.php?rest_route=%2Fwp%2Fv2%2Fcomments&post=390"}],"version-history":[{"count":6,"href":"https:\/\/004school.bbsw-worms.de\/index.php?rest_route=\/wp\/v2\/pages\/390\/revisions"}],"predecessor-version":[{"id":605,"href":"https:\/\/004school.bbsw-worms.de\/index.php?rest_route=\/wp\/v2\/pages\/390\/revisions\/605"}],"wp:attachment":[{"href":"https:\/\/004school.bbsw-worms.de\/index.php?rest_route=%2Fwp%2Fv2%2Fmedia&parent=390"}],"curies":[{"name":"wp","href":"https:\/\/api.w.org\/{rel}","templated":true}]}}